{"id":6426,"date":"2023-07-19T17:42:11","date_gmt":"2023-07-19T17:42:11","guid":{"rendered":"https:\/\/mpimedical.mx\/?page_id=6426"},"modified":"2023-07-19T18:29:15","modified_gmt":"2023-07-19T18:29:15","slug":"equipos-de-tomografia","status":"publish","type":"page","link":"https:\/\/mpimedical.mx\/?page_id=6426","title":{"rendered":"Equipos de Tomograf\u00eda"},"content":{"rendered":"\t\t<div data-elementor-type=\"wp-page\" data-elementor-id=\"6426\" class=\"elementor elementor-6426\">\n\t\t\t\t\t\t\t\t\t<section class=\"elementor-section elementor-top-section elementor-element elementor-element-44cc329 elementor-section-full_width elementor-section-height-default elementor-section-height-default\" data-id=\"44cc329\" data-element_type=\"section\" data-settings=\"{&quot;background_background&quot;:&quot;gradient&quot;}\">\n\t\t\t\t\t\t<div class=\"elementor-container elementor-column-gap-default\">\n\t\t\t\t\t<div class=\"elementor-column elementor-col-100 elementor-top-column elementor-element elementor-element-07b2ccc\" data-id=\"07b2ccc\" data-element_type=\"column\">\n\t\t\t<div class=\"elementor-widget-wrap elementor-element-populated\">\n\t\t\t\t\t\t\t\t<section class=\"elementor-section elementor-inner-section elementor-element elementor-element-be5184e elementor-section-boxed elementor-section-height-default elementor-section-height-default\" data-id=\"be5184e\" data-element_type=\"section\">\n\t\t\t\t\t\t<div class=\"elementor-container elementor-column-gap-custom\">\n\t\t\t\t\t<div class=\"elementor-column elementor-col-33 elementor-inner-column elementor-element elementor-element-28adca7\" data-id=\"28adca7\" data-element_type=\"column\">\n\t\t\t<div class=\"elementor-widget-wrap elementor-element-populated\">\n\t\t\t\t\t\t\t\t<div class=\"elementor-element elementor-element-097fe7b elementor-widget elementor-widget-sultin_service\" data-id=\"097fe7b\" data-element_type=\"widget\" data-widget_type=\"sultin_service.default\">\n\t\t\t\t<div class=\"elementor-widget-container\">\n\t\t\t                    <div class=\"single-service-style2\">\n                <div class=\"img-holder\">\n                    <div class=\"inner\">\n                        <img loading=\"lazy\" decoding=\"async\" width=\"1200\" height=\"800\" src=\"https:\/\/mpimedical.mx\/wp-content\/uploads\/2023\/07\/servicio-7.jpg\" class=\"attachment-full size-full\" alt=\"\" srcset=\"https:\/\/mpimedical.mx\/wp-content\/uploads\/2023\/07\/servicio-7.jpg 1200w, https:\/\/mpimedical.mx\/wp-content\/uploads\/2023\/07\/servicio-7-300x200.jpg 300w, https:\/\/mpimedical.mx\/wp-content\/uploads\/2023\/07\/servicio-7-1024x683.jpg 1024w, https:\/\/mpimedical.mx\/wp-content\/uploads\/2023\/07\/servicio-7-768x512.jpg 768w\" sizes=\"auto, (max-width: 1200px) 100vw, 1200px\" \/>                    <\/div>\n                    <div class=\"icon\">\n                        <span class=\"far fa-clipboard\"><\/span>\n                    <\/div>\n                <\/div>\n                <div class=\"title-holder\">\n                    <h3><a href=\"https:\/\/mpimedical.mx\/ervice\/consumer-product\/\"  >Somatom Scope<\/a><\/h3>\n                    <div class=\"text\">\n                        <p>\n                            La innovaci\u00f3n no se trata solo de llevar tecnolog\u00eda de punta al mercado  de tomograf\u00eda de gama alta.                        <\/p>\n                    <\/div>\n                    <div class=\"btn-box\">\n                        <a href=\"https:\/\/mpimedical.mx\/ervice\/consumer-product\/\"  ><span class=\" icon-right-arrow\"><\/span><\/a>\n                    <\/div>\n                <\/div>\n            <\/div>\n\n        \t\t<\/div>\n\t\t\t\t<\/div>\n\t\t\t\t<div class=\"elementor-element elementor-element-742e4fe elementor-widget elementor-widget-sultin_service\" data-id=\"742e4fe\" data-element_type=\"widget\" data-widget_type=\"sultin_service.default\">\n\t\t\t\t<div class=\"elementor-widget-container\">\n\t\t\t                    <div class=\"single-service-style2\">\n                <div class=\"img-holder\">\n                    <div class=\"inner\">\n                        <img loading=\"lazy\" decoding=\"async\" width=\"1839\" height=\"1300\" src=\"https:\/\/mpimedical.mx\/wp-content\/uploads\/2023\/07\/2013-09-23_somatom_emotion_links_vorne.jpg\" class=\"attachment-full size-full\" alt=\"\" srcset=\"https:\/\/mpimedical.mx\/wp-content\/uploads\/2023\/07\/2013-09-23_somatom_emotion_links_vorne.jpg 1839w, https:\/\/mpimedical.mx\/wp-content\/uploads\/2023\/07\/2013-09-23_somatom_emotion_links_vorne-300x212.jpg 300w, https:\/\/mpimedical.mx\/wp-content\/uploads\/2023\/07\/2013-09-23_somatom_emotion_links_vorne-1024x724.jpg 1024w, https:\/\/mpimedical.mx\/wp-content\/uploads\/2023\/07\/2013-09-23_somatom_emotion_links_vorne-768x543.jpg 768w, https:\/\/mpimedical.mx\/wp-content\/uploads\/2023\/07\/2013-09-23_somatom_emotion_links_vorne-1536x1086.jpg 1536w\" sizes=\"auto, (max-width: 1839px) 100vw, 1839px\" \/>                    <\/div>\n                    <div class=\"icon\">\n                        <span class=\"far fa-clipboard\"><\/span>\n                    <\/div>\n                <\/div>\n                <div class=\"title-holder\">\n                    <h3><a href=\"https:\/\/mpimedical.mx\/ervice\/consumer-product\/\"  >Definition AS<\/a><\/h3>\n                    <div class=\"text\">\n                        <p>\n                            Esc\u00e1ner capaz de adaptarse a pr\u00e1cticamente  cualquier paciente y a cualquier cuesti\u00f3n cl\u00ednica. Escalable desde 20 hasta 128 cortes.                        <\/p>\n                    <\/div>\n                    <div class=\"btn-box\">\n                        <a href=\"https:\/\/mpimedical.mx\/ervice\/consumer-product\/\"  ><span class=\" icon-right-arrow\"><\/span><\/a>\n                    <\/div>\n                <\/div>\n            <\/div>\n\n        \t\t<\/div>\n\t\t\t\t<\/div>\n\t\t\t\t\t<\/div>\n\t\t<\/div>\n\t\t\t\t<div class=\"elementor-column elementor-col-33 elementor-inner-column elementor-element elementor-element-a9388c5\" data-id=\"a9388c5\" data-element_type=\"column\">\n\t\t\t<div class=\"elementor-widget-wrap elementor-element-populated\">\n\t\t\t\t\t\t\t\t<div class=\"elementor-element elementor-element-9a5458c elementor-widget elementor-widget-sultin_service\" data-id=\"9a5458c\" data-element_type=\"widget\" data-widget_type=\"sultin_service.default\">\n\t\t\t\t<div class=\"elementor-widget-container\">\n\t\t\t                    <div class=\"single-service-style2\">\n                <div class=\"img-holder\">\n                    <div class=\"inner\">\n                        <img loading=\"lazy\" decoding=\"async\" width=\"1200\" height=\"800\" src=\"https:\/\/mpimedical.mx\/wp-content\/uploads\/2023\/07\/servicio-4.jpg\" class=\"attachment-full size-full\" alt=\"\" srcset=\"https:\/\/mpimedical.mx\/wp-content\/uploads\/2023\/07\/servicio-4.jpg 1200w, https:\/\/mpimedical.mx\/wp-content\/uploads\/2023\/07\/servicio-4-300x200.jpg 300w, https:\/\/mpimedical.mx\/wp-content\/uploads\/2023\/07\/servicio-4-1024x683.jpg 1024w, https:\/\/mpimedical.mx\/wp-content\/uploads\/2023\/07\/servicio-4-768x512.jpg 768w\" sizes=\"auto, (max-width: 1200px) 100vw, 1200px\" \/>                    <\/div>\n                    <div class=\"icon\">\n                        <span class=\"far fa-clipboard\"><\/span>\n                    <\/div>\n                <\/div>\n                <div class=\"title-holder\">\n                    <h3><a href=\"https:\/\/mpimedical.mx\/ervice\/consumer-product\/\"  >Emotion 16<\/a><\/h3>\n                    <div class=\"text\">\n                        <p>\n                            La innovaci\u00f3n no se trata solo de llevar tecnolog\u00eda de punta al mercado  de tomograf\u00eda de gama alta.                        <\/p>\n                    <\/div>\n                    <div class=\"btn-box\">\n                        <a href=\"https:\/\/mpimedical.mx\/ervice\/consumer-product\/\"  ><span class=\" icon-right-arrow\"><\/span><\/a>\n                    <\/div>\n                <\/div>\n            <\/div>\n\n        \t\t<\/div>\n\t\t\t\t<\/div>\n\t\t\t\t\t<\/div>\n\t\t<\/div>\n\t\t\t\t<div class=\"elementor-column elementor-col-33 elementor-inner-column elementor-element elementor-element-970a4ed\" data-id=\"970a4ed\" data-element_type=\"column\">\n\t\t\t<div class=\"elementor-widget-wrap elementor-element-populated\">\n\t\t\t\t\t\t\t\t<div class=\"elementor-element elementor-element-d41ce6a elementor-widget elementor-widget-sultin_service\" data-id=\"d41ce6a\" data-element_type=\"widget\" data-widget_type=\"sultin_service.default\">\n\t\t\t\t<div class=\"elementor-widget-container\">\n\t\t\t                    <div class=\"single-service-style2\">\n                <div class=\"img-holder\">\n                    <div class=\"inner\">\n                        <img loading=\"lazy\" decoding=\"async\" width=\"1200\" height=\"800\" src=\"https:\/\/mpimedical.mx\/wp-content\/uploads\/2023\/07\/servicios-3.jpg\" class=\"attachment-full size-full\" alt=\"\" srcset=\"https:\/\/mpimedical.mx\/wp-content\/uploads\/2023\/07\/servicios-3.jpg 1200w, https:\/\/mpimedical.mx\/wp-content\/uploads\/2023\/07\/servicios-3-300x200.jpg 300w, https:\/\/mpimedical.mx\/wp-content\/uploads\/2023\/07\/servicios-3-1024x683.jpg 1024w, https:\/\/mpimedical.mx\/wp-content\/uploads\/2023\/07\/servicios-3-768x512.jpg 768w\" sizes=\"auto, (max-width: 1200px) 100vw, 1200px\" \/>                    <\/div>\n                    <div class=\"icon\">\n                        <span class=\"far fa-clipboard\"><\/span>\n                    <\/div>\n                <\/div>\n                <div class=\"title-holder\">\n                    <h3><a href=\"https:\/\/mpimedical.mx\/ervice\/consumer-product\/\"  >Somatom Sensation <\/a><\/h3>\n                    <div class=\"text\">\n                        <p>\n                            Cumple perfectamente con este requisito de calidad nitidez y velocidad empujando los l\u00edmites de la resoluci\u00f3n  temporal y espacial a un nuevo nivel.                        <\/p>\n                    <\/div>\n                    <div class=\"btn-box\">\n                        <a href=\"https:\/\/mpimedical.mx\/ervice\/consumer-product\/\"  ><span class=\" icon-right-arrow\"><\/span><\/a>\n                    <\/div>\n                <\/div>\n            <\/div>\n\n        \t\t<\/div>\n\t\t\t\t<\/div>\n\t\t\t\t\t<\/div>\n\t\t<\/div>\n\t\t\t\t\t\t\t<\/div>\n\t\t<\/section>\n\t\t\t\t\t<\/div>\n\t\t<\/div>\n\t\t\t\t\t\t\t<\/div>\n\t\t<\/section>\n\t\t\t\t\t\t\t<\/div>\n\t\t","protected":false},"excerpt":{"rendered":"<p>Somatom Scope La innovaci\u00f3n no se trata solo de llevar tecnolog\u00eda de punta al mercado de tomograf\u00eda de gama alta. Definition AS Esc\u00e1ner capaz de adaptarse a pr\u00e1cticamente cualquier paciente y a cualquier cuesti\u00f3n cl\u00ednica. Escalable desde 20 hasta 128 cortes. Emotion 16 La innovaci\u00f3n no se trata solo de llevar tecnolog\u00eda de punta al [&hellip;]<\/p>\n","protected":false},"author":2,"featured_media":0,"parent":0,"menu_order":0,"comment_status":"closed","ping_status":"closed","template":"elementor_header_footer","meta":{"footnotes":""},"class_list":["post-6426","page","type-page","status-publish","hentry"],"_links":{"self":[{"href":"https:\/\/mpimedical.mx\/index.php?rest_route=\/wp\/v2\/pages\/6426","targetHints":{"allow":["GET"]}}],"collection":[{"href":"https:\/\/mpimedical.mx\/index.php?rest_route=\/wp\/v2\/pages"}],"about":[{"href":"https:\/\/mpimedical.mx\/index.php?rest_route=\/wp\/v2\/types\/page"}],"author":[{"embeddable":true,"href":"https:\/\/mpimedical.mx\/index.php?rest_route=\/wp\/v2\/users\/2"}],"replies":[{"embeddable":true,"href":"https:\/\/mpimedical.mx\/index.php?rest_route=%2Fwp%2Fv2%2Fcomments&post=6426"}],"version-history":[{"count":13,"href":"https:\/\/mpimedical.mx\/index.php?rest_route=\/wp\/v2\/pages\/6426\/revisions"}],"predecessor-version":[{"id":6452,"href":"https:\/\/mpimedical.mx\/index.php?rest_route=\/wp\/v2\/pages\/6426\/revisions\/6452"}],"wp:attachment":[{"href":"https:\/\/mpimedical.mx\/index.php?rest_route=%2Fwp%2Fv2%2Fmedia&parent=6426"}],"curies":[{"name":"wp","href":"https:\/\/api.w.org\/{rel}","templated":true}]}}