{"id":6387,"date":"2023-07-19T17:05:15","date_gmt":"2023-07-19T17:05:15","guid":{"rendered":"https:\/\/mpimedical.mx\/?page_id=6387"},"modified":"2023-07-19T17:32:50","modified_gmt":"2023-07-19T17:32:50","slug":"equipos-de-rayos-x","status":"publish","type":"page","link":"https:\/\/mpimedical.mx\/?page_id=6387","title":{"rendered":"Equipos de Rayos X"},"content":{"rendered":"\t\t<div data-elementor-type=\"wp-page\" data-elementor-id=\"6387\" class=\"elementor elementor-6387\">\n\t\t\t\t\t\t\t\t\t<section class=\"elementor-section elementor-top-section elementor-element elementor-element-44cc329 elementor-section-full_width elementor-section-height-default elementor-section-height-default\" data-id=\"44cc329\" data-element_type=\"section\" data-settings=\"{&quot;background_background&quot;:&quot;gradient&quot;}\">\n\t\t\t\t\t\t<div class=\"elementor-container elementor-column-gap-default\">\n\t\t\t\t\t<div class=\"elementor-column elementor-col-100 elementor-top-column elementor-element elementor-element-07b2ccc\" data-id=\"07b2ccc\" data-element_type=\"column\">\n\t\t\t<div class=\"elementor-widget-wrap elementor-element-populated\">\n\t\t\t\t\t\t\t\t<section class=\"elementor-section elementor-inner-section elementor-element elementor-element-be5184e elementor-section-boxed elementor-section-height-default elementor-section-height-default\" data-id=\"be5184e\" data-element_type=\"section\">\n\t\t\t\t\t\t<div class=\"elementor-container elementor-column-gap-custom\">\n\t\t\t\t\t<div class=\"elementor-column elementor-col-33 elementor-inner-column elementor-element elementor-element-28adca7\" data-id=\"28adca7\" data-element_type=\"column\">\n\t\t\t<div class=\"elementor-widget-wrap\">\n\t\t\t\t\t\t\t\t\t<\/div>\n\t\t<\/div>\n\t\t\t\t<div class=\"elementor-column elementor-col-33 elementor-inner-column elementor-element elementor-element-a9388c5\" data-id=\"a9388c5\" data-element_type=\"column\">\n\t\t\t<div class=\"elementor-widget-wrap elementor-element-populated\">\n\t\t\t\t\t\t\t\t<div class=\"elementor-element elementor-element-9a5458c elementor-widget elementor-widget-sultin_service\" data-id=\"9a5458c\" data-element_type=\"widget\" data-widget_type=\"sultin_service.default\">\n\t\t\t\t<div class=\"elementor-widget-container\">\n\t\t\t                    <div class=\"single-service-style2\">\n                <div class=\"img-holder\">\n                    <div class=\"inner\">\n                        <img loading=\"lazy\" decoding=\"async\" width=\"2376\" height=\"2106\" src=\"https:\/\/mpimedical.mx\/wp-content\/uploads\/2023\/07\/mesa.jpg\" class=\"attachment-full size-full\" alt=\"\" srcset=\"https:\/\/mpimedical.mx\/wp-content\/uploads\/2023\/07\/mesa.jpg 2376w, https:\/\/mpimedical.mx\/wp-content\/uploads\/2023\/07\/mesa-300x266.jpg 300w, https:\/\/mpimedical.mx\/wp-content\/uploads\/2023\/07\/mesa-1024x908.jpg 1024w, https:\/\/mpimedical.mx\/wp-content\/uploads\/2023\/07\/mesa-768x681.jpg 768w, https:\/\/mpimedical.mx\/wp-content\/uploads\/2023\/07\/mesa-1536x1361.jpg 1536w, https:\/\/mpimedical.mx\/wp-content\/uploads\/2023\/07\/mesa-2048x1815.jpg 2048w\" sizes=\"auto, (max-width: 2376px) 100vw, 2376px\" \/>                    <\/div>\n                    <div class=\"icon\">\n                        <span class=\"far fa-clipboard\"><\/span>\n                    <\/div>\n                <\/div>\n                <div class=\"title-holder\">\n                    <h3><a href=\"https:\/\/mpimedical.mx\/ervice\/consumer-product\/\"  >Rad Room<\/a><\/h3>\n                    <div class=\"text\">\n                        <p>\n                            Este sistema completamente integrado est\u00e1 dise\u00f1ado con  controles intuitivos y ofrece una opci\u00f3n de tubos de rayos X  montados en el techo o en el piso.                        <\/p>\n                    <\/div>\n                    <div class=\"btn-box\">\n                        <a href=\"https:\/\/mpimedical.mx\/ervice\/consumer-product\/\"  ><span class=\" icon-right-arrow\"><\/span><\/a>\n                    <\/div>\n                <\/div>\n            <\/div>\n\n        \t\t<\/div>\n\t\t\t\t<\/div>\n\t\t\t\t\t<\/div>\n\t\t<\/div>\n\t\t\t\t<div class=\"elementor-column elementor-col-33 elementor-inner-column elementor-element elementor-element-970a4ed\" data-id=\"970a4ed\" data-element_type=\"column\">\n\t\t\t<div class=\"elementor-widget-wrap\">\n\t\t\t\t\t\t\t\t\t<\/div>\n\t\t<\/div>\n\t\t\t\t\t\t\t<\/div>\n\t\t<\/section>\n\t\t\t\t\t<\/div>\n\t\t<\/div>\n\t\t\t\t\t\t\t<\/div>\n\t\t<\/section>\n\t\t\t\t\t\t\t<\/div>\n\t\t","protected":false},"excerpt":{"rendered":"<p>Rad Room Este sistema completamente integrado est\u00e1 dise\u00f1ado con controles intuitivos y ofrece una opci\u00f3n de tubos de rayos X montados en el techo o en el piso.<\/p>\n","protected":false},"author":2,"featured_media":0,"parent":0,"menu_order":0,"comment_status":"closed","ping_status":"closed","template":"elementor_header_footer","meta":{"footnotes":""},"class_list":["post-6387","page","type-page","status-publish","hentry"],"_links":{"self":[{"href":"https:\/\/mpimedical.mx\/index.php?rest_route=\/wp\/v2\/pages\/6387","targetHints":{"allow":["GET"]}}],"collection":[{"href":"https:\/\/mpimedical.mx\/index.php?rest_route=\/wp\/v2\/pages"}],"about":[{"href":"https:\/\/mpimedical.mx\/index.php?rest_route=\/wp\/v2\/types\/page"}],"author":[{"embeddable":true,"href":"https:\/\/mpimedical.mx\/index.php?rest_route=\/wp\/v2\/users\/2"}],"replies":[{"embeddable":true,"href":"https:\/\/mpimedical.mx\/index.php?rest_route=%2Fwp%2Fv2%2Fcomments&post=6387"}],"version-history":[{"count":12,"href":"https:\/\/mpimedical.mx\/index.php?rest_route=\/wp\/v2\/pages\/6387\/revisions"}],"predecessor-version":[{"id":6415,"href":"https:\/\/mpimedical.mx\/index.php?rest_route=\/wp\/v2\/pages\/6387\/revisions\/6415"}],"wp:attachment":[{"href":"https:\/\/mpimedical.mx\/index.php?rest_route=%2Fwp%2Fv2%2Fmedia&parent=6387"}],"curies":[{"name":"wp","href":"https:\/\/api.w.org\/{rel}","templated":true}]}}