{"id":3676,"date":"2022-06-13T10:25:51","date_gmt":"2022-06-13T10:25:51","guid":{"rendered":"https:\/\/mpimedical.mx?page_id=3676"},"modified":"2023-07-05T21:51:37","modified_gmt":"2023-07-05T21:51:37","slug":"servicios","status":"publish","type":"page","link":"https:\/\/mpimedical.mx\/?page_id=3676","title":{"rendered":"Servicios"},"content":{"rendered":"\t\t<div data-elementor-type=\"wp-page\" data-elementor-id=\"3676\" class=\"elementor elementor-3676\">\n\t\t\t\t\t\t\t\t\t<section class=\"elementor-section elementor-top-section elementor-element elementor-element-44cc329 elementor-section-full_width elementor-section-height-default elementor-section-height-default\" data-id=\"44cc329\" data-element_type=\"section\" data-settings=\"{&quot;background_background&quot;:&quot;gradient&quot;}\">\n\t\t\t\t\t\t<div class=\"elementor-container elementor-column-gap-default\">\n\t\t\t\t\t<div class=\"elementor-column elementor-col-100 elementor-top-column elementor-element elementor-element-07b2ccc\" data-id=\"07b2ccc\" data-element_type=\"column\">\n\t\t\t<div class=\"elementor-widget-wrap elementor-element-populated\">\n\t\t\t\t\t\t\t\t<section class=\"elementor-section elementor-inner-section elementor-element elementor-element-be5184e elementor-section-boxed elementor-section-height-default elementor-section-height-default\" data-id=\"be5184e\" data-element_type=\"section\">\n\t\t\t\t\t\t<div class=\"elementor-container elementor-column-gap-custom\">\n\t\t\t\t\t<div class=\"elementor-column elementor-col-33 elementor-inner-column elementor-element elementor-element-28adca7\" data-id=\"28adca7\" data-element_type=\"column\">\n\t\t\t<div class=\"elementor-widget-wrap elementor-element-populated\">\n\t\t\t\t\t\t\t\t<div class=\"elementor-element elementor-element-9a5458c elementor-widget elementor-widget-sultin_service\" data-id=\"9a5458c\" data-element_type=\"widget\" data-widget_type=\"sultin_service.default\">\n\t\t\t\t<div class=\"elementor-widget-container\">\n\t\t\t                    <div class=\"single-service-style2\">\n                <div class=\"img-holder\">\n                    <div class=\"inner\">\n                        <img loading=\"lazy\" decoding=\"async\" width=\"2560\" height=\"1707\" src=\"https:\/\/mpimedical.mx\/wp-content\/uploads\/2023\/07\/doctor-getting-patient-ready-for-ct-scan-scaled.jpg\" class=\"attachment-full size-full\" alt=\"\" srcset=\"https:\/\/mpimedical.mx\/wp-content\/uploads\/2023\/07\/doctor-getting-patient-ready-for-ct-scan-scaled.jpg 2560w, https:\/\/mpimedical.mx\/wp-content\/uploads\/2023\/07\/doctor-getting-patient-ready-for-ct-scan-300x200.jpg 300w, https:\/\/mpimedical.mx\/wp-content\/uploads\/2023\/07\/doctor-getting-patient-ready-for-ct-scan-1024x683.jpg 1024w, https:\/\/mpimedical.mx\/wp-content\/uploads\/2023\/07\/doctor-getting-patient-ready-for-ct-scan-768x512.jpg 768w, https:\/\/mpimedical.mx\/wp-content\/uploads\/2023\/07\/doctor-getting-patient-ready-for-ct-scan-1536x1024.jpg 1536w, https:\/\/mpimedical.mx\/wp-content\/uploads\/2023\/07\/doctor-getting-patient-ready-for-ct-scan-2048x1365.jpg 2048w\" sizes=\"auto, (max-width: 2560px) 100vw, 2560px\" \/>                    <\/div>\n                    <div class=\"icon\">\n                        <span class=\" icon-report\"><\/span>\n                    <\/div>\n                <\/div>\n                <div class=\"title-holder\">\n                    <h3><a href=\"https:\/\/mpimedical.mx\/ervice\/consumer-product\/\"  >Venta de Equipo M\u00e9dico.<\/a><\/h3>\n                    <div class=\"text\">\n                        <p>\n                            Contamos con un amplio cat\u00e1logo de equipo m\u00e9dico con la mejor calidad y precio.                        <\/p>\n                    <\/div>\n                    <div class=\"btn-box\">\n                        <a href=\"https:\/\/mpimedical.mx\/ervice\/consumer-product\/\"  ><span class=\" icon-right-arrow\"><\/span><\/a>\n                    <\/div>\n                <\/div>\n            <\/div>\n\n        \t\t<\/div>\n\t\t\t\t<\/div>\n\t\t\t\t\t<\/div>\n\t\t<\/div>\n\t\t\t\t<div class=\"elementor-column elementor-col-33 elementor-inner-column elementor-element elementor-element-a9388c5\" data-id=\"a9388c5\" data-element_type=\"column\">\n\t\t\t<div class=\"elementor-widget-wrap elementor-element-populated\">\n\t\t\t\t\t\t\t\t<div class=\"elementor-element elementor-element-78bbf63 elementor-widget__width-initial elementor-widget elementor-widget-sultin_service\" data-id=\"78bbf63\" data-element_type=\"widget\" data-widget_type=\"sultin_service.default\">\n\t\t\t\t<div class=\"elementor-widget-container\">\n\t\t\t                    <div class=\"single-service-style2\">\n                <div class=\"img-holder\">\n                    <div class=\"inner\">\n                        <img loading=\"lazy\" decoding=\"async\" width=\"2560\" height=\"1707\" src=\"https:\/\/mpimedical.mx\/wp-content\/uploads\/2023\/07\/different-car-accessories-composition-scaled.jpg\" class=\"attachment-full size-full\" alt=\"\" srcset=\"https:\/\/mpimedical.mx\/wp-content\/uploads\/2023\/07\/different-car-accessories-composition-scaled.jpg 2560w, https:\/\/mpimedical.mx\/wp-content\/uploads\/2023\/07\/different-car-accessories-composition-300x200.jpg 300w, https:\/\/mpimedical.mx\/wp-content\/uploads\/2023\/07\/different-car-accessories-composition-1024x683.jpg 1024w, https:\/\/mpimedical.mx\/wp-content\/uploads\/2023\/07\/different-car-accessories-composition-768x512.jpg 768w, https:\/\/mpimedical.mx\/wp-content\/uploads\/2023\/07\/different-car-accessories-composition-1536x1024.jpg 1536w, https:\/\/mpimedical.mx\/wp-content\/uploads\/2023\/07\/different-car-accessories-composition-2048x1365.jpg 2048w\" sizes=\"auto, (max-width: 2560px) 100vw, 2560px\" \/>                    <\/div>\n                    <div class=\"icon\">\n                        <span class=\" icon-business\"><\/span>\n                    <\/div>\n                <\/div>\n                <div class=\"title-holder\">\n                    <h3><a href=\"https:\/\/mpimedical.mx\/?page_id=3826\"  >Suministros de Refacciones.<\/a><\/h3>\n                    <div class=\"text\">\n                        <p>\n                            Nuestras refacciones son de alta calidad y cumplen con todas las normas.                        <\/p>\n                    <\/div>\n                    <div class=\"btn-box\">\n                        <a href=\"https:\/\/mpimedical.mx\/?page_id=3826\"  ><span class=\" icon-right-arrow\"><\/span><\/a>\n                    <\/div>\n                <\/div>\n            <\/div>\n\n        \t\t<\/div>\n\t\t\t\t<\/div>\n\t\t\t\t\t<\/div>\n\t\t<\/div>\n\t\t\t\t<div class=\"elementor-column elementor-col-33 elementor-inner-column elementor-element elementor-element-970a4ed\" data-id=\"970a4ed\" data-element_type=\"column\">\n\t\t\t<div class=\"elementor-widget-wrap elementor-element-populated\">\n\t\t\t\t\t\t\t\t<div class=\"elementor-element elementor-element-b82a627 elementor-widget elementor-widget-sultin_service\" data-id=\"b82a627\" data-element_type=\"widget\" data-widget_type=\"sultin_service.default\">\n\t\t\t\t<div class=\"elementor-widget-container\">\n\t\t\t                    <div class=\"single-service-style2\">\n                <div class=\"img-holder\">\n                    <div class=\"inner\">\n                        <img loading=\"lazy\" decoding=\"async\" width=\"1200\" height=\"800\" src=\"https:\/\/mpimedical.mx\/wp-content\/uploads\/2023\/05\/correctivo.jpg\" class=\"attachment-full size-full\" alt=\"\" srcset=\"https:\/\/mpimedical.mx\/wp-content\/uploads\/2023\/05\/correctivo.jpg 1200w, https:\/\/mpimedical.mx\/wp-content\/uploads\/2023\/05\/correctivo-300x200.jpg 300w, https:\/\/mpimedical.mx\/wp-content\/uploads\/2023\/05\/correctivo-1024x683.jpg 1024w, https:\/\/mpimedical.mx\/wp-content\/uploads\/2023\/05\/correctivo-768x512.jpg 768w\" sizes=\"auto, (max-width: 1200px) 100vw, 1200px\" \/>                    <\/div>\n                    <div class=\"icon\">\n                        <span class=\" icon-global\"><\/span>\n                    <\/div>\n                <\/div>\n                <div class=\"title-holder\">\n                    <h3><a href=\"https:\/\/mpimedical.mx\/?page_id=3827\"  >Mantenimiento Correctivo.<\/a><\/h3>\n                    <div class=\"text\">\n                        <p>\n                            La inspecci\u00f3n completa de los componentes afectados para identificar fallas y problemas.                        <\/p>\n                    <\/div>\n                    <div class=\"btn-box\">\n                        <a href=\"https:\/\/mpimedical.mx\/?page_id=3827\"  ><span class=\" icon-right-arrow\"><\/span><\/a>\n                    <\/div>\n                <\/div>\n            <\/div>\n\n        \t\t<\/div>\n\t\t\t\t<\/div>\n\t\t\t\t\t<\/div>\n\t\t<\/div>\n\t\t\t\t\t\t\t<\/div>\n\t\t<\/section>\n\t\t\t\t<section class=\"elementor-section elementor-inner-section elementor-element elementor-element-deb1bdc elementor-section-boxed elementor-section-height-default elementor-section-height-default\" data-id=\"deb1bdc\" data-element_type=\"section\">\n\t\t\t\t\t\t<div class=\"elementor-container elementor-column-gap-custom\">\n\t\t\t\t\t<div class=\"elementor-column elementor-col-25 elementor-inner-column elementor-element elementor-element-1818607\" data-id=\"1818607\" data-element_type=\"column\">\n\t\t\t<div class=\"elementor-widget-wrap elementor-element-populated\">\n\t\t\t\t\t\t\t\t<div class=\"elementor-element elementor-element-99ffacb elementor-widget elementor-widget-sultin_service\" data-id=\"99ffacb\" data-element_type=\"widget\" data-widget_type=\"sultin_service.default\">\n\t\t\t\t<div class=\"elementor-widget-container\">\n\t\t\t                    <div class=\"single-service-style2\">\n                <div class=\"img-holder\">\n                    <div class=\"inner\">\n                        <img loading=\"lazy\" decoding=\"async\" width=\"1200\" height=\"800\" src=\"https:\/\/mpimedical.mx\/wp-content\/uploads\/2023\/05\/mantenimiento-preventivo.jpg\" class=\"attachment-full size-full\" alt=\"\" srcset=\"https:\/\/mpimedical.mx\/wp-content\/uploads\/2023\/05\/mantenimiento-preventivo.jpg 1200w, https:\/\/mpimedical.mx\/wp-content\/uploads\/2023\/05\/mantenimiento-preventivo-300x200.jpg 300w, https:\/\/mpimedical.mx\/wp-content\/uploads\/2023\/05\/mantenimiento-preventivo-1024x683.jpg 1024w, https:\/\/mpimedical.mx\/wp-content\/uploads\/2023\/05\/mantenimiento-preventivo-768x512.jpg 768w\" sizes=\"auto, (max-width: 1200px) 100vw, 1200px\" \/>                    <\/div>\n                    <div class=\"icon\">\n                        <span class=\" icon-mobile-analytics\"><\/span>\n                    <\/div>\n                <\/div>\n                <div class=\"title-holder\">\n                    <h3><a href=\"https:\/\/mpimedical.mx\/?page_id=3828\"  >Mantenimiento Preventivo.<\/a><\/h3>\n                    <div class=\"text\">\n                        <p>\n                            Inversi\u00f3n para mantener nuestro equipo en \u00f3ptimas condiciones.                         <\/p>\n                    <\/div>\n                    <div class=\"btn-box\">\n                        <a href=\"https:\/\/mpimedical.mx\/?page_id=3828\"  ><span class=\" icon-right-arrow\"><\/span><\/a>\n                    <\/div>\n                <\/div>\n            <\/div>\n\n        \t\t<\/div>\n\t\t\t\t<\/div>\n\t\t\t\t\t<\/div>\n\t\t<\/div>\n\t\t\t\t<div class=\"elementor-column elementor-col-25 elementor-inner-column elementor-element elementor-element-97a5003\" data-id=\"97a5003\" data-element_type=\"column\">\n\t\t\t<div class=\"elementor-widget-wrap elementor-element-populated\">\n\t\t\t\t\t\t\t\t<div class=\"elementor-element elementor-element-914b249 elementor-widget elementor-widget-sultin_service\" data-id=\"914b249\" data-element_type=\"widget\" data-widget_type=\"sultin_service.default\">\n\t\t\t\t<div class=\"elementor-widget-container\">\n\t\t\t                    <div class=\"single-service-style2\">\n                <div class=\"img-holder\">\n                    <div class=\"inner\">\n                        <img loading=\"lazy\" decoding=\"async\" width=\"1200\" height=\"800\" src=\"https:\/\/mpimedical.mx\/wp-content\/uploads\/2023\/05\/Sin-titulo-1.jpg\" class=\"attachment-full size-full\" alt=\"\" srcset=\"https:\/\/mpimedical.mx\/wp-content\/uploads\/2023\/05\/Sin-titulo-1.jpg 1200w, https:\/\/mpimedical.mx\/wp-content\/uploads\/2023\/05\/Sin-titulo-1-300x200.jpg 300w, https:\/\/mpimedical.mx\/wp-content\/uploads\/2023\/05\/Sin-titulo-1-1024x683.jpg 1024w, https:\/\/mpimedical.mx\/wp-content\/uploads\/2023\/05\/Sin-titulo-1-768x512.jpg 768w\" sizes=\"auto, (max-width: 1200px) 100vw, 1200px\" \/>                    <\/div>\n                    <div class=\"icon\">\n                        <span class=\" icon-creative\"><\/span>\n                    <\/div>\n                <\/div>\n                <div class=\"title-holder\">\n                    <h3><a href=\"https:\/\/mpimedical.mx\/?page_id=3836\"  >Instalaci\u00f3n y Desinstalaci\u00f3n.<\/a><\/h3>\n                    <div class=\"text\">\n                        <p>\n                            MPI Medical cuenta con un equipo de ingenieros altamente capacitados.                        <\/p>\n                    <\/div>\n                    <div class=\"btn-box\">\n                        <a href=\"https:\/\/mpimedical.mx\/?page_id=3836\"  ><span class=\" icon-right-arrow\"><\/span><\/a>\n                    <\/div>\n                <\/div>\n            <\/div>\n\n        \t\t<\/div>\n\t\t\t\t<\/div>\n\t\t\t\t\t<\/div>\n\t\t<\/div>\n\t\t\t\t<div class=\"elementor-column elementor-col-25 elementor-inner-column elementor-element elementor-element-39b4aec\" data-id=\"39b4aec\" data-element_type=\"column\">\n\t\t\t<div class=\"elementor-widget-wrap elementor-element-populated\">\n\t\t\t\t\t\t\t\t<div class=\"elementor-element elementor-element-372fea8 elementor-widget elementor-widget-sultin_service\" data-id=\"372fea8\" data-element_type=\"widget\" data-widget_type=\"sultin_service.default\">\n\t\t\t\t<div class=\"elementor-widget-container\">\n\t\t\t                    <div class=\"single-service-style2\">\n                <div class=\"img-holder\">\n                    <div class=\"inner\">\n                        <img loading=\"lazy\" decoding=\"async\" width=\"1200\" height=\"800\" src=\"https:\/\/mpimedical.mx\/wp-content\/uploads\/2023\/05\/ASESORIA-especializada.jpg\" class=\"attachment-full size-full\" alt=\"\" srcset=\"https:\/\/mpimedical.mx\/wp-content\/uploads\/2023\/05\/ASESORIA-especializada.jpg 1200w, https:\/\/mpimedical.mx\/wp-content\/uploads\/2023\/05\/ASESORIA-especializada-300x200.jpg 300w, https:\/\/mpimedical.mx\/wp-content\/uploads\/2023\/05\/ASESORIA-especializada-1024x683.jpg 1024w, https:\/\/mpimedical.mx\/wp-content\/uploads\/2023\/05\/ASESORIA-especializada-768x512.jpg 768w\" sizes=\"auto, (max-width: 1200px) 100vw, 1200px\" \/>                    <\/div>\n                    <div class=\"icon\">\n                        <span class=\" icon-analysis\"><\/span>\n                    <\/div>\n                <\/div>\n                <div class=\"title-holder\">\n                    <h3><a href=\"https:\/\/mpimedical.mx\/?page_id=1088\"  >Asesor\u00eda Especializada.<\/a><\/h3>\n                    <div class=\"text\">\n                        <p>\n                            Nuestra asesor\u00eda cubrir\u00e1 todas las necesidades de tu hospital o cl\u00ednica.                        <\/p>\n                    <\/div>\n                    <div class=\"btn-box\">\n                        <a href=\"https:\/\/mpimedical.mx\/?page_id=1088\"  ><span class=\" icon-right-arrow\"><\/span><\/a>\n                    <\/div>\n                <\/div>\n            <\/div>\n\n        \t\t<\/div>\n\t\t\t\t<\/div>\n\t\t\t\t\t<\/div>\n\t\t<\/div>\n\t\t\t\t<div class=\"elementor-column elementor-col-25 elementor-inner-column elementor-element elementor-element-a035cad\" data-id=\"a035cad\" data-element_type=\"column\">\n\t\t\t<div class=\"elementor-widget-wrap elementor-element-populated\">\n\t\t\t\t\t\t\t\t<div class=\"elementor-element elementor-element-251e64e elementor-widget elementor-widget-sultin_service\" data-id=\"251e64e\" data-element_type=\"widget\" data-widget_type=\"sultin_service.default\">\n\t\t\t\t<div class=\"elementor-widget-container\">\n\t\t\t                    <div class=\"single-service-style2\">\n                <div class=\"img-holder\">\n                    <div class=\"inner\">\n                        <img loading=\"lazy\" decoding=\"async\" width=\"1200\" height=\"800\" src=\"https:\/\/mpimedical.mx\/wp-content\/uploads\/2023\/05\/servicio-especializado.jpg\" class=\"attachment-full size-full\" alt=\"\" srcset=\"https:\/\/mpimedical.mx\/wp-content\/uploads\/2023\/05\/servicio-especializado.jpg 1200w, https:\/\/mpimedical.mx\/wp-content\/uploads\/2023\/05\/servicio-especializado-300x200.jpg 300w, https:\/\/mpimedical.mx\/wp-content\/uploads\/2023\/05\/servicio-especializado-1024x683.jpg 1024w, https:\/\/mpimedical.mx\/wp-content\/uploads\/2023\/05\/servicio-especializado-768x512.jpg 768w\" sizes=\"auto, (max-width: 1200px) 100vw, 1200px\" \/>                    <\/div>\n                    <div class=\"icon\">\n                        <span class=\" icon-creative-1\"><\/span>\n                    <\/div>\n                <\/div>\n                <div class=\"title-holder\">\n                    <h3><a href=\"https:\/\/mpimedical.mx\/?page_id=3825\"  >Gesti\u00f3n de Proyectos.<\/a><\/h3>\n                    <div class=\"text\">\n                        <p>\n                            Nos enfocamos en la calidad, cumplimiento de plazos y normativas.                        <\/p>\n                    <\/div>\n                    <div class=\"btn-box\">\n                        <a href=\"https:\/\/mpimedical.mx\/?page_id=3825\"  ><span class=\" icon-right-arrow\"><\/span><\/a>\n                    <\/div>\n                <\/div>\n            <\/div>\n\n        \t\t<\/div>\n\t\t\t\t<\/div>\n\t\t\t\t\t<\/div>\n\t\t<\/div>\n\t\t\t\t\t\t\t<\/div>\n\t\t<\/section>\n\t\t\t\t\t<\/div>\n\t\t<\/div>\n\t\t\t\t\t\t\t<\/div>\n\t\t<\/section>\n\t\t\t\t\t\t\t<\/div>\n\t\t","protected":false},"excerpt":{"rendered":"<p>Venta de Equipo M\u00e9dico. Contamos con un amplio cat\u00e1logo de equipo m\u00e9dico con la mejor calidad y precio. Suministros de Refacciones. Nuestras refacciones son de alta calidad y cumplen con todas las normas. Mantenimiento Correctivo. La inspecci\u00f3n completa de los componentes afectados para identificar fallas y problemas. Mantenimiento Preventivo. Inversi\u00f3n para mantener nuestro equipo en [&hellip;]<\/p>\n","protected":false},"author":2,"featured_media":0,"parent":0,"menu_order":0,"comment_status":"closed","ping_status":"closed","template":"elementor_header_footer","meta":{"footnotes":""},"class_list":["post-3676","page","type-page","status-publish","hentry"],"_links":{"self":[{"href":"https:\/\/mpimedical.mx\/index.php?rest_route=\/wp\/v2\/pages\/3676","targetHints":{"allow":["GET"]}}],"collection":[{"href":"https:\/\/mpimedical.mx\/index.php?rest_route=\/wp\/v2\/pages"}],"about":[{"href":"https:\/\/mpimedical.mx\/index.php?rest_route=\/wp\/v2\/types\/page"}],"author":[{"embeddable":true,"href":"https:\/\/mpimedical.mx\/index.php?rest_route=\/wp\/v2\/users\/2"}],"replies":[{"embeddable":true,"href":"https:\/\/mpimedical.mx\/index.php?rest_route=%2Fwp%2Fv2%2Fcomments&post=3676"}],"version-history":[{"count":111,"href":"https:\/\/mpimedical.mx\/index.php?rest_route=\/wp\/v2\/pages\/3676\/revisions"}],"predecessor-version":[{"id":6234,"href":"https:\/\/mpimedical.mx\/index.php?rest_route=\/wp\/v2\/pages\/3676\/revisions\/6234"}],"wp:attachment":[{"href":"https:\/\/mpimedical.mx\/index.php?rest_route=%2Fwp%2Fv2%2Fmedia&parent=3676"}],"curies":[{"name":"wp","href":"https:\/\/api.w.org\/{rel}","templated":true}]}}